{"id":640,"date":"2025-06-23T11:31:26","date_gmt":"2025-06-23T10:31:26","guid":{"rendered":"https:\/\/asadorelbuencomer.com\/?page_id=640"},"modified":"2026-02-12T13:00:16","modified_gmt":"2026-02-12T11:00:16","slug":"sobre-nosotros","status":"publish","type":"page","link":"https:\/\/asadorelbuencomer.com\/en\/sobre-nosotros\/","title":{"rendered":"Sobre nosotros"},"content":{"rendered":"<div data-elementor-type=\"wp-page\" data-elementor-id=\"640\" class=\"elementor elementor-640\" data-elementor-post-type=\"page\">\n\t\t\t\t<div class=\"elementor-element elementor-element-5235aa4 e-flex e-con-boxed e-con e-parent\" data-id=\"5235aa4\" data-element_type=\"container\" data-e-type=\"container\" data-settings=\"{&quot;background_background&quot;:&quot;classic&quot;}\">\n\t\t\t\t\t<div class=\"e-con-inner\">\n\t\t\t\t<div class=\"elementor-element elementor-element-ac5a6cf text--tabletcenter text--mobilecenter elementor-widget__width-initial elementor-widget-tablet__width-inherit text-center elementor-widget elementor-widget-tp-heading-title\" data-id=\"ac5a6cf\" data-element_type=\"widget\" data-e-type=\"widget\" data-widget_type=\"tp-heading-title.default\">\n\t\t\t\t<div class=\"elementor-widget-container\">\n\t\t\t\t\t<div class=\"heading heading_style heading_style69e108d5bb5cc style-1\"  data-tp-gsap-heading-text=\"\" data-tp-gsap-sub-heading-text=\"\"><div class=\"sub-style\" ><div class=\"head-title\" > <h1  class=\"heading-title\"  data-hover=\"Sobre nosotros\">Sobre nosotros<span class=\"title-s\">  <\/span><\/h1><\/div><\/div><\/div>\t\t\t\t<\/div>\n\t\t\t\t<\/div>\n\t\t\t\t<div class=\"elementor-element elementor-element-f9df780 elementor-widget elementor-widget-text-editor\" data-id=\"f9df780\" data-element_type=\"widget\" data-e-type=\"widget\" data-widget_type=\"text-editor.default\">\n\t\t\t\t<div class=\"elementor-widget-container\">\n\t\t\t\t\t\t\t\t\t<p data-sourcepos=\"7:1-7:156\">En Asador El Buen Comer, llevamos a\u00f1os dedic\u00e1ndonos a lo que mejor sabemos hacer: ofrecerte la <strong>aut\u00e9ntica cocina casera espa\u00f1ola con el sabor de siempre<\/strong>.<\/p><p data-sourcepos=\"9:1-9:276\">Nuestra pasi\u00f3n son los <strong>sabores tradicionales<\/strong> y los <strong>ingredientes de calidad<\/strong>. Desde nuestros <strong>pollos asados a la le\u00f1a<\/strong> en su punto justo hasta nuestros guisos del d\u00eda que huelen a hogar, cada plato se prepara con el esmero y el cari\u00f1o que pondr\u00edas en tu propia cocina.<\/p>\t\t\t\t\t\t\t\t<\/div>\n\t\t\t\t<\/div>\n\t\t\t\t\t<\/div>\n\t\t\t\t<\/div>\n\t\t<div class=\"elementor-element elementor-element-677498c4 e-flex e-con-boxed e-con e-parent\" data-id=\"677498c4\" data-element_type=\"container\" data-e-type=\"container\" data-settings=\"{&quot;background_background&quot;:&quot;classic&quot;}\">\n\t\t\t\t\t<div class=\"e-con-inner\">\n\t\t<div class=\"elementor-element elementor-element-509783fa e-con-full e-flex elementor-invisible e-con e-child\" data-id=\"509783fa\" data-element_type=\"container\" data-e-type=\"container\" data-settings=\"{&quot;animation&quot;:&quot;fadeInLeft&quot;,&quot;animation_tablet&quot;:&quot;fadeInUp&quot;}\">\n\t\t<div class=\"elementor-element elementor-element-76b0cbff e-con-full e-flex e-con e-child\" data-id=\"76b0cbff\" data-element_type=\"container\" data-e-type=\"container\">\n\t\t\t\t<div class=\"elementor-element elementor-element-c85cb5d elementor-widget elementor-widget-heading\" data-id=\"c85cb5d\" data-element_type=\"widget\" data-e-type=\"widget\" data-widget_type=\"heading.default\">\n\t\t\t\t<div class=\"elementor-widget-container\">\n\t\t\t\t\t<h2 class=\"elementor-heading-title elementor-size-default\">Aut\u00e9ntico Pollo Asado Casero<\/h2>\t\t\t\t<\/div>\n\t\t\t\t<\/div>\n\t\t\t\t<div class=\"elementor-element elementor-element-01f47d0 elementor-widget elementor-widget-text-editor\" data-id=\"01f47d0\" data-element_type=\"widget\" data-e-type=\"widget\" data-widget_type=\"text-editor.default\">\n\t\t\t\t<div class=\"elementor-widget-container\">\n\t\t\t\t\t\t\t\t\t<p data-sourcepos=\"11:1-11:333\">Creemos que una buena comida es un momento para compartir y disfrutar. Por eso, adem\u00e1s de nuestro famoso pollo, en nuestra carta encontrar\u00e1s una amplia variedad de <strong>carnes a la brasa<\/strong>, <strong>entrantes t\u00edpicos<\/strong> como nuestras patatas fritas caseras o la tortilla de patatas, y <strong>platos de cuchara<\/strong> que te recordar\u00e1n a los de tu abuela.<\/p><p data-sourcepos=\"13:1-13:163\">En Asador El Buen Comer, te invitamos a sentarte a la mesa y saborear la tradici\u00f3n. Porque para nosotros, <strong>\u00abEl Buen Comer\u00bb<\/strong> es m\u00e1s que un nombre, es una promesa.<\/p>\t\t\t\t\t\t\t\t<\/div>\n\t\t\t\t<\/div>\n\t\t\t\t<\/div>\n\t\t\t\t<div class=\"elementor-element elementor-element-68eae4e3 elementor-widget elementor-widget-tp-button\" data-id=\"68eae4e3\" data-element_type=\"widget\" data-e-type=\"widget\" data-widget_type=\"tp-button.default\">\n\t\t\t\t<div class=\"elementor-widget-container\">\n\t\t\t\t\t<div class=\"pt-plus-button-wrapper   text-\"><div class=\"button_parallax  full-button\"><div id=\"button69e108d5bff68\"  class=\"text- ts-button content_hover_effect   full-button\" ><div class=\"pt_plus_button btn69e108d5bff65 button-style-10  full-button\"  ><div class=\"animted-content-inner\"><a href=\"https:\/\/asadorelbuencomer.com\/en\/carta\/\" class=\"button-link-wrap\" role=\"button\" data-hover=\"\u00bfConoces nuestra carta?\" >\u00bfConoces nuestra carta?<\/a><\/div><\/div><\/div><\/div><\/div>\t\t\t\t<\/div>\n\t\t\t\t<\/div>\n\t\t\t\t<\/div>\n\t\t<div class=\"elementor-element elementor-element-5ed205fb e-con-full e-flex elementor-invisible e-con e-child\" data-id=\"5ed205fb\" data-element_type=\"container\" data-e-type=\"container\" data-settings=\"{&quot;animation&quot;:&quot;fadeInRight&quot;,&quot;animation_tablet&quot;:&quot;fadeInUp&quot;}\">\n\t\t\t\t<div class=\"elementor-element elementor-element-5362eb1f elementor-widget__width-inherit elementor-widget elementor-widget-image\" data-id=\"5362eb1f\" data-element_type=\"widget\" data-e-type=\"widget\" data-widget_type=\"image.default\">\n\t\t\t\t<div class=\"elementor-widget-container\">\n\t\t\t\t\t\t\t\t\t\t\t\t\t\t\t<img fetchpriority=\"high\" decoding=\"async\" width=\"1024\" height=\"683\" src=\"https:\/\/asadorelbuencomer.com\/wp-content\/uploads\/2025\/06\/1366_2000-1024x683.jpg\" class=\"attachment-large size-large wp-image-667\" alt=\"\" srcset=\"https:\/\/asadorelbuencomer.com\/wp-content\/uploads\/2025\/06\/1366_2000-1024x683.jpg 1024w, https:\/\/asadorelbuencomer.com\/wp-content\/uploads\/2025\/06\/1366_2000-600x400.jpg 600w, https:\/\/asadorelbuencomer.com\/wp-content\/uploads\/2025\/06\/1366_2000-300x200.jpg 300w, https:\/\/asadorelbuencomer.com\/wp-content\/uploads\/2025\/06\/1366_2000-768x512.jpg 768w, https:\/\/asadorelbuencomer.com\/wp-content\/uploads\/2025\/06\/1366_2000.jpg 1254w\" sizes=\"(max-width: 1024px) 100vw, 1024px\" \/>\t\t\t\t\t\t\t\t\t\t\t\t\t\t\t<\/div>\n\t\t\t\t<\/div>\n\t\t\t\t<\/div>\n\t\t\t\t\t<\/div>\n\t\t\t\t<\/div>\n\t\t\t\t<\/div>","protected":false},"excerpt":{"rendered":"<p>Sobre nosotros En Asador El Buen Comer, llevamos a\u00f1os dedic\u00e1ndonos a lo que mejor sabemos hacer: ofrecerte la aut\u00e9ntica cocina [&hellip;]<\/p>\n","protected":false},"author":1,"featured_media":0,"parent":0,"menu_order":0,"comment_status":"closed","ping_status":"closed","template":"","meta":{"site-sidebar-layout":"no-sidebar","site-content-layout":"","ast-site-content-layout":"full-width-container","site-content-style":"default","site-sidebar-style":"default","ast-global-header-display":"","ast-banner-title-visibility":"","ast-main-header-display":"","ast-hfb-above-header-display":"","ast-hfb-below-header-display":"","ast-hfb-mobile-header-display":"","site-post-title":"disabled","ast-breadcrumbs-content":"","ast-featured-img":"disabled","footer-sml-layout":"","ast-disable-related-posts":"","theme-transparent-header-meta":"","adv-header-id-meta":"","stick-header-meta":"","header-above-stick-meta":"","header-main-stick-meta":"","header-below-stick-meta":"","astra-migrate-meta-layouts":"default","ast-page-background-enabled":"default","ast-page-background-meta":{"desktop":{"background-color":"var(--ast-global-color-5)","background-image":"","background-repeat":"repeat","background-position":"center center","background-size":"auto","background-attachment":"scroll","background-type":"","background-media":"","overlay-type":"","overlay-color":"","overlay-opacity":"","overlay-gradient":""},"tablet":{"background-color":"","background-image":"","background-repeat":"repeat","background-position":"center center","background-size":"auto","background-attachment":"scroll","background-type":"","background-media":"","overlay-type":"","overlay-color":"","overlay-opacity":"","overlay-gradient":""},"mobile":{"background-color":"","background-image":"","background-repeat":"repeat","background-position":"center center","background-size":"auto","background-attachment":"scroll","background-type":"","background-media":"","overlay-type":"","overlay-color":"","overlay-opacity":"","overlay-gradient":""}},"ast-content-background-meta":{"desktop":{"background-color":"var(--ast-global-color-4)","background-image":"","background-repeat":"repeat","background-position":"center center","background-size":"auto","background-attachment":"scroll","background-type":"","background-media":"","overlay-type":"","overlay-color":"","overlay-opacity":"","overlay-gradient":""},"tablet":{"background-color":"var(--ast-global-color-4)","background-image":"","background-repeat":"repeat","background-position":"center center","background-size":"auto","background-attachment":"scroll","background-type":"","background-media":"","overlay-type":"","overlay-color":"","overlay-opacity":"","overlay-gradient":""},"mobile":{"background-color":"var(--ast-global-color-4)","background-image":"","background-repeat":"repeat","background-position":"center center","background-size":"auto","background-attachment":"scroll","background-type":"","background-media":"","overlay-type":"","overlay-color":"","overlay-opacity":"","overlay-gradient":""}},"footnotes":""},"class_list":["post-640","page","type-page","status-publish","hentry"],"yoast_head":"<!-- This site is optimized with the Yoast SEO plugin v27.4 - https:\/\/yoast.com\/product\/yoast-seo-wordpress\/ -->\n<title>Sobre nosotros - Asador El Buen Comer<\/title>\n<meta name=\"robots\" content=\"index, follow, max-snippet:-1, max-image-preview:large, max-video-preview:-1\" \/>\n<link rel=\"canonical\" href=\"https:\/\/asadorelbuencomer.com\/en\/sobre-nosotros\/\" \/>\n<meta property=\"og:locale\" content=\"en_GB\" \/>\n<meta property=\"og:type\" content=\"article\" \/>\n<meta property=\"og:title\" content=\"Sobre nosotros - Asador El Buen Comer\" \/>\n<meta property=\"og:description\" content=\"Sobre nosotros En Asador El Buen Comer, llevamos a\u00f1os dedic\u00e1ndonos a lo que mejor sabemos hacer: ofrecerte la aut\u00e9ntica cocina [&hellip;]\" \/>\n<meta property=\"og:url\" content=\"https:\/\/asadorelbuencomer.com\/en\/sobre-nosotros\/\" \/>\n<meta property=\"og:site_name\" content=\"Asador El Buen Comer\" \/>\n<meta property=\"article:modified_time\" content=\"2026-02-12T11:00:16+00:00\" \/>\n<meta property=\"og:image\" content=\"https:\/\/asadorelbuencomer.com\/wp-content\/uploads\/2025\/06\/1366_2000.jpg\" \/>\n\t<meta property=\"og:image:width\" content=\"1254\" \/>\n\t<meta property=\"og:image:height\" content=\"836\" \/>\n\t<meta property=\"og:image:type\" content=\"image\/jpeg\" \/>\n<meta name=\"twitter:card\" content=\"summary_large_image\" \/>\n<meta name=\"twitter:label1\" content=\"Estimated reading time\" \/>\n\t<meta name=\"twitter:data1\" content=\"1 minute\" \/>\n<script type=\"application\/ld+json\" class=\"yoast-schema-graph\">{\"@context\":\"https:\\\/\\\/schema.org\",\"@graph\":[{\"@type\":\"WebPage\",\"@id\":\"https:\\\/\\\/asadorelbuencomer.com\\\/sobre-nosotros\\\/\",\"url\":\"https:\\\/\\\/asadorelbuencomer.com\\\/sobre-nosotros\\\/\",\"name\":\"Sobre nosotros - Asador El Buen Comer\",\"isPartOf\":{\"@id\":\"https:\\\/\\\/asadorelbuencomer.com\\\/#website\"},\"primaryImageOfPage\":{\"@id\":\"https:\\\/\\\/asadorelbuencomer.com\\\/sobre-nosotros\\\/#primaryimage\"},\"image\":{\"@id\":\"https:\\\/\\\/asadorelbuencomer.com\\\/sobre-nosotros\\\/#primaryimage\"},\"thumbnailUrl\":\"https:\\\/\\\/asadorelbuencomer.com\\\/wp-content\\\/uploads\\\/2025\\\/06\\\/1366_2000-1024x683.jpg\",\"datePublished\":\"2025-06-23T10:31:26+00:00\",\"dateModified\":\"2026-02-12T11:00:16+00:00\",\"breadcrumb\":{\"@id\":\"https:\\\/\\\/asadorelbuencomer.com\\\/sobre-nosotros\\\/#breadcrumb\"},\"inLanguage\":\"en-GB\",\"potentialAction\":[{\"@type\":\"ReadAction\",\"target\":[\"https:\\\/\\\/asadorelbuencomer.com\\\/sobre-nosotros\\\/\"]}]},{\"@type\":\"ImageObject\",\"inLanguage\":\"en-GB\",\"@id\":\"https:\\\/\\\/asadorelbuencomer.com\\\/sobre-nosotros\\\/#primaryimage\",\"url\":\"https:\\\/\\\/asadorelbuencomer.com\\\/wp-content\\\/uploads\\\/2025\\\/06\\\/1366_2000-1024x683.jpg\",\"contentUrl\":\"https:\\\/\\\/asadorelbuencomer.com\\\/wp-content\\\/uploads\\\/2025\\\/06\\\/1366_2000-1024x683.jpg\"},{\"@type\":\"BreadcrumbList\",\"@id\":\"https:\\\/\\\/asadorelbuencomer.com\\\/sobre-nosotros\\\/#breadcrumb\",\"itemListElement\":[{\"@type\":\"ListItem\",\"position\":1,\"name\":\"Portada\",\"item\":\"https:\\\/\\\/asadorelbuencomer.com\\\/\"},{\"@type\":\"ListItem\",\"position\":2,\"name\":\"Sobre nosotros\"}]},{\"@type\":\"WebSite\",\"@id\":\"https:\\\/\\\/asadorelbuencomer.com\\\/#website\",\"url\":\"https:\\\/\\\/asadorelbuencomer.com\\\/\",\"name\":\"Asador El Buen Comer\",\"description\":\"\",\"publisher\":{\"@id\":\"https:\\\/\\\/asadorelbuencomer.com\\\/#\\\/schema\\\/person\\\/18a669af2edc5fe3255c3aba6a6f6bef\"},\"potentialAction\":[{\"@type\":\"SearchAction\",\"target\":{\"@type\":\"EntryPoint\",\"urlTemplate\":\"https:\\\/\\\/asadorelbuencomer.com\\\/?s={search_term_string}\"},\"query-input\":{\"@type\":\"PropertyValueSpecification\",\"valueRequired\":true,\"valueName\":\"search_term_string\"}}],\"inLanguage\":\"en-GB\"},{\"@type\":[\"Person\",\"Organization\"],\"@id\":\"https:\\\/\\\/asadorelbuencomer.com\\\/#\\\/schema\\\/person\\\/18a669af2edc5fe3255c3aba6a6f6bef\",\"name\":\"admin\",\"image\":{\"@type\":\"ImageObject\",\"inLanguage\":\"en-GB\",\"@id\":\"https:\\\/\\\/asadorelbuencomer.com\\\/wp-content\\\/uploads\\\/2025\\\/06\\\/cropped-asador-elbuen-comer-logo1.png\",\"url\":\"https:\\\/\\\/asadorelbuencomer.com\\\/wp-content\\\/uploads\\\/2025\\\/06\\\/cropped-asador-elbuen-comer-logo1.png\",\"contentUrl\":\"https:\\\/\\\/asadorelbuencomer.com\\\/wp-content\\\/uploads\\\/2025\\\/06\\\/cropped-asador-elbuen-comer-logo1.png\",\"width\":826,\"height\":878,\"caption\":\"admin\"},\"logo\":{\"@id\":\"https:\\\/\\\/asadorelbuencomer.com\\\/wp-content\\\/uploads\\\/2025\\\/06\\\/cropped-asador-elbuen-comer-logo1.png\"},\"sameAs\":[\"https:\\\/\\\/asadorelbuencomer.com\"]}]}<\/script>\n<!-- \/ Yoast SEO plugin. -->","yoast_head_json":{"title":"Sobre nosotros - Asador El Buen Comer","robots":{"index":"index","follow":"follow","max-snippet":"max-snippet:-1","max-image-preview":"max-image-preview:large","max-video-preview":"max-video-preview:-1"},"canonical":"https:\/\/asadorelbuencomer.com\/en\/sobre-nosotros\/","og_locale":"en_GB","og_type":"article","og_title":"Sobre nosotros - Asador El Buen Comer","og_description":"Sobre nosotros En Asador El Buen Comer, llevamos a\u00f1os dedic\u00e1ndonos a lo que mejor sabemos hacer: ofrecerte la aut\u00e9ntica cocina [&hellip;]","og_url":"https:\/\/asadorelbuencomer.com\/en\/sobre-nosotros\/","og_site_name":"Asador El Buen Comer","article_modified_time":"2026-02-12T11:00:16+00:00","og_image":[{"width":1254,"height":836,"url":"https:\/\/asadorelbuencomer.com\/wp-content\/uploads\/2025\/06\/1366_2000.jpg","type":"image\/jpeg"}],"twitter_card":"summary_large_image","twitter_misc":{"Estimated reading time":"1 minute"},"schema":{"@context":"https:\/\/schema.org","@graph":[{"@type":"WebPage","@id":"https:\/\/asadorelbuencomer.com\/sobre-nosotros\/","url":"https:\/\/asadorelbuencomer.com\/sobre-nosotros\/","name":"Sobre nosotros - Asador El Buen Comer","isPartOf":{"@id":"https:\/\/asadorelbuencomer.com\/#website"},"primaryImageOfPage":{"@id":"https:\/\/asadorelbuencomer.com\/sobre-nosotros\/#primaryimage"},"image":{"@id":"https:\/\/asadorelbuencomer.com\/sobre-nosotros\/#primaryimage"},"thumbnailUrl":"https:\/\/asadorelbuencomer.com\/wp-content\/uploads\/2025\/06\/1366_2000-1024x683.jpg","datePublished":"2025-06-23T10:31:26+00:00","dateModified":"2026-02-12T11:00:16+00:00","breadcrumb":{"@id":"https:\/\/asadorelbuencomer.com\/sobre-nosotros\/#breadcrumb"},"inLanguage":"en-GB","potentialAction":[{"@type":"ReadAction","target":["https:\/\/asadorelbuencomer.com\/sobre-nosotros\/"]}]},{"@type":"ImageObject","inLanguage":"en-GB","@id":"https:\/\/asadorelbuencomer.com\/sobre-nosotros\/#primaryimage","url":"https:\/\/asadorelbuencomer.com\/wp-content\/uploads\/2025\/06\/1366_2000-1024x683.jpg","contentUrl":"https:\/\/asadorelbuencomer.com\/wp-content\/uploads\/2025\/06\/1366_2000-1024x683.jpg"},{"@type":"BreadcrumbList","@id":"https:\/\/asadorelbuencomer.com\/sobre-nosotros\/#breadcrumb","itemListElement":[{"@type":"ListItem","position":1,"name":"Portada","item":"https:\/\/asadorelbuencomer.com\/"},{"@type":"ListItem","position":2,"name":"Sobre nosotros"}]},{"@type":"WebSite","@id":"https:\/\/asadorelbuencomer.com\/#website","url":"https:\/\/asadorelbuencomer.com\/","name":"Asador El Buen Comer","description":"","publisher":{"@id":"https:\/\/asadorelbuencomer.com\/#\/schema\/person\/18a669af2edc5fe3255c3aba6a6f6bef"},"potentialAction":[{"@type":"SearchAction","target":{"@type":"EntryPoint","urlTemplate":"https:\/\/asadorelbuencomer.com\/?s={search_term_string}"},"query-input":{"@type":"PropertyValueSpecification","valueRequired":true,"valueName":"search_term_string"}}],"inLanguage":"en-GB"},{"@type":["Person","Organization"],"@id":"https:\/\/asadorelbuencomer.com\/#\/schema\/person\/18a669af2edc5fe3255c3aba6a6f6bef","name":"admin","image":{"@type":"ImageObject","inLanguage":"en-GB","@id":"https:\/\/asadorelbuencomer.com\/wp-content\/uploads\/2025\/06\/cropped-asador-elbuen-comer-logo1.png","url":"https:\/\/asadorelbuencomer.com\/wp-content\/uploads\/2025\/06\/cropped-asador-elbuen-comer-logo1.png","contentUrl":"https:\/\/asadorelbuencomer.com\/wp-content\/uploads\/2025\/06\/cropped-asador-elbuen-comer-logo1.png","width":826,"height":878,"caption":"admin"},"logo":{"@id":"https:\/\/asadorelbuencomer.com\/wp-content\/uploads\/2025\/06\/cropped-asador-elbuen-comer-logo1.png"},"sameAs":["https:\/\/asadorelbuencomer.com"]}]}},"_links":{"self":[{"href":"https:\/\/asadorelbuencomer.com\/en\/wp-json\/wp\/v2\/pages\/640","targetHints":{"allow":["GET"]}}],"collection":[{"href":"https:\/\/asadorelbuencomer.com\/en\/wp-json\/wp\/v2\/pages"}],"about":[{"href":"https:\/\/asadorelbuencomer.com\/en\/wp-json\/wp\/v2\/types\/page"}],"author":[{"embeddable":true,"href":"https:\/\/asadorelbuencomer.com\/en\/wp-json\/wp\/v2\/users\/1"}],"replies":[{"embeddable":true,"href":"https:\/\/asadorelbuencomer.com\/en\/wp-json\/wp\/v2\/comments?post=640"}],"version-history":[{"count":22,"href":"https:\/\/asadorelbuencomer.com\/en\/wp-json\/wp\/v2\/pages\/640\/revisions"}],"predecessor-version":[{"id":1116,"href":"https:\/\/asadorelbuencomer.com\/en\/wp-json\/wp\/v2\/pages\/640\/revisions\/1116"}],"wp:attachment":[{"href":"https:\/\/asadorelbuencomer.com\/en\/wp-json\/wp\/v2\/media?parent=640"}],"curies":[{"name":"wp","href":"https:\/\/api.w.org\/{rel}","templated":true}]}}